{"id":1018,"date":"2022-05-08T18:44:00","date_gmt":"2022-05-08T18:44:00","guid":{"rendered":"https:\/\/antoniogomezdiaz.com\/terms-of-use"},"modified":"2022-05-08T18:44:00","modified_gmt":"2022-05-08T18:44:00","slug":"terms-of-use","status":"publish","type":"page","link":"https:\/\/antoniogomezdiaz.com\/en\/terms-of-use","title":{"rendered":"Terms of use"},"content":{"rendered":"\r\n\r\nSpanish version\r\n\r\n<p>Las presentes Condiciones Generales de Uso regulan el uso del sitio web www.antoniogomezdiaz.com (en adelante, el Sitio Web) que Antonio Jos\u00e9 G\u00f3mez D\u00edaz (en adelante, Antonio G\u00f3mez), pone a disposici\u00f3n de las personas que accedan a su Sitio Web con el fin de proporcionales informaci\u00f3n sobre productos y servicios, propios y\/o de terceros colaboradores, y facilitarles el acceso a los mismos, as\u00ed como la contrataci\u00f3n de servicios y bienes por medio de la misma.<\/p>\r\n\r\n\r\n\r\n<h3 class=\"wp-block-heading\"><strong>1. Usuarios<\/strong><\/h3>\r\n\r\n\r\n\r\n<p>El usuario asume la responsabilidad del uso del Sitio Web. Dicha responsabilidad se extiende al registro que fuese necesario para acceder a determinados servicios o contenidos. En dicho registro el usuario ser\u00e1 responsable de aportar informaci\u00f3n veraz y l\u00edcita. Como consecuencia de este registro, al usuario se le puede proporcionar una contrase\u00f1a de la que ser\u00e1 responsable, comprometi\u00e9ndose a hacer un uso diligente y confidencial de la misma.<\/p>\r\n\r\n\r\n\r\n<h3 class=\"wp-block-heading\"><strong>2. Uso del portal<\/strong><\/h3>\r\n\r\n\r\n\r\n<p>Antonio G\u00f3mez se reserva el derecho de retirar todos aquellos comentarios y aportaciones que vulneren el respeto a la dignidad de la persona, que sean discriminatorios, xen\u00f3fobos, racistas, pornogr\u00e1ficos, que atenten contra la juventud o la infancia, el orden o la seguridad p\u00fablica o que, a su juicio, no resultaran adecuados para su publicaci\u00f3n. En cualquier caso, Antonio G\u00f3mez no ser\u00e1 responsable de las opiniones vertidas por los usuarios a trav\u00e9s de los foros, blog u otras herramientas de participaci\u00f3n.<\/p>\r\n\r\n\r\n\r\n<p>Adem\u00e1s, Antonio G\u00f3mez ofrece a los lectores y usuarios la posibilidad de remitirnos fotograf\u00edas, v\u00eddeos, grabaciones de audio o archivos de cualquier otro tipo para incorporarlas a algunas de nuestras secciones. La publicaci\u00f3n de estos archivos est\u00e1 sujeta a las presentes Condiciones Generales de Uso. Si usted no est\u00e1 de acuerdo con ellas, le rogamos no utilice estos servicios.<\/p>\r\n\r\n\r\n\r\n<p>Antonio G\u00f3mez pone a disposici\u00f3n de los usuarios determinados apartados para su participaci\u00f3n a los cuales s\u00f3lo podr\u00e1 accederse registr\u00e1ndose en la secci\u00f3n correspondiente. El usuario deber\u00e1 cumplimentar el proceso de registro ofreciendo todos los datos que se le soliciten como obligatorios y adem\u00e1s de asegurar su veracidad. Todos los productos son de uso personal e intransferibles, estando su reventa prohibida.<\/p>\r\n\r\n\r\n\r\n<p>La persona que realiza el env\u00edo de los archivos declara ser el titular de los mismos, o disponer de autorizaci\u00f3n del autor o propietario, cediendo a Antonio G\u00f3mez los derechos de reproducci\u00f3n, distribuci\u00f3n y comunicaci\u00f3n p\u00fablica sobre las mismas, que podr\u00e1 llevarse a cabo utilizando tanto soportes f\u00edsicos como digitales.<\/p>\r\n\r\n\r\n\r\n<p>En el supuesto que el usuario desconozca si dispone de los derechos para realizar la cesi\u00f3n a Antonio G\u00f3mez, deber\u00e1 advertirlo expresamente.&nbsp;La persona identificada en cada caso como la que ha enviado el archivo, es la \u00fanica responsable de los mismos, as\u00ed como de asegurarse que el material remitido para su inclusi\u00f3n en el Sitio Web cumple con las leyes que en cada caso puedan ser de aplicaci\u00f3n. Los archivos, no reflejan la opini\u00f3n de Antonio G\u00f3mez, ni Antonio G\u00f3mez hace declaraciones a este respecto.<\/p>\r\n\r\n\r\n\r\n<p>Antonio G\u00f3mez no ser\u00e1 responsable de cualquier error, inexactitud o irregularidad que puedan contener los archivos contenidos en el Web.<\/p>\r\n\r\n\r\n\r\n<p>Antonio G\u00f3mez no se har\u00e1 responsable, a no ser en aquellos extremos a los que nos obligue la Ley, de los da\u00f1os o perjuicios que se pudieran ocasionar por la reproducci\u00f3n, distribuci\u00f3n o comunicaci\u00f3n p\u00fablica de los archivos enviados por los usuarios que se encuentren protegidos cualesquiera derechos y, concretamente, por derechos de propiedad intelectual pertenecientes a terceros, sin que el usuario haya obtenido previamente de sus titulares la autorizaci\u00f3n necesaria para llevar a cabo el uso que efect\u00faa o pretende efectuar. En dicho caso, el usuario acepta que ser\u00e1 el \u00fanico responsable ante cualquier reclamaci\u00f3n por parte de un tercero que alegue disponer de derechos sobre los archivos. El usuario mantendr\u00e1 indemne a Antonio G\u00f3mez ante cualquier reclamaci\u00f3n econ\u00f3mica, patrimonial o de cualquier otro tipo que realice el tercero en relaci\u00f3n a cualquier uso no autorizado de los archivos.<\/p>\r\n\r\n\r\n\r\n<p>Antonio G\u00f3mez se reserva el derecho a utilizar los archivos cedidos para la realizaci\u00f3n de exposiciones o la edici\u00f3n de libros, cat\u00e1logos o publicaciones an\u00e1logas, en soporte f\u00edsico, digital, o cualquier otro medio o soporte que permita su reproducci\u00f3n, distribuci\u00f3n y\/o comunicaci\u00f3n p\u00fablica.<\/p>\r\n\r\n\r\n\r\n<p>Antonio G\u00f3mez manifiesta de forma expresa que \u00fanicamente facilita espacio a los usuarios de su web para publicar los archivos y contenidos teniendo, a los efectos de la Ley 34\/2002 de Servicios de la Sociedad de la Informaci\u00f3n y del Comercio Electr\u00f3nico, la consideraci\u00f3n de prestador de servicios de intermediaci\u00f3n. De acuerdo con esto, Antonio G\u00f3mez no ser\u00e1 responsable por la informaci\u00f3n cuando no tenga conocimiento efectivo de que la informaci\u00f3n almacenada es il\u00edcita o de que lesiona bienes o derechos de un tercero susceptibles de indemnizaci\u00f3n. En el momento que Antonio G\u00f3mez tenga conocimiento efectivo de que aloja datos como los anteriormente referidos, se compromete a actuar con diligencia para retirarlos o hacer imposible el acceso a ellos.<\/p>\r\n\r\n\r\n\r\n<p>El usuario es el \u00fanico responsable frente a cualquier reclamaci\u00f3n o acci\u00f3n legal, judicial o extrajudicial, iniciada por terceras personas contra Antonio G\u00f3mez basada en la utilizaci\u00f3n por el usuario de los apartados de participaci\u00f3n existentes en la Web. En su caso, el Usuario asumir\u00e1 cuantos gastos, costes e indemnizaciones sean irrogados a Antonio G\u00f3mez con motivo de tales reclamaciones o acciones legales.<\/p>\r\n\r\n\r\n\r\n<p>El usuario se obliga a no reproducir de ning\u00fan modo la web de Antonio G\u00f3mez, as\u00ed como ninguno de sus contenidos, si no es con autorizaci\u00f3n expresa, escrita y conferida por persona de Antonio G\u00f3mez con suficiente poder a tales efectos.<\/p>\r\n\r\n\r\n\r\n<p>El Sitio Web se dirige a consumidores o usuarios finales. Por ello, el usuario se obliga a no realizar actividades publicitarias, promocionales o de explotaci\u00f3n comercial a trav\u00e9s del Sitio Web, y a no utilizar sus contenidos ni la informaci\u00f3n obtenida a trav\u00e9s del mismo para remitir publicidad, enviar mensajes con fines de venta directa o con cualquier otro fin comercial. No podr\u00e1 efectuar ning\u00fan cambio o modificaci\u00f3n en los contenidos o servicios que aparezcan en el Sitio Web ni menoscabar, en modo alguno, su integridad o funcionamiento.<\/p>\r\n\r\n\r\n\r\n<p>En caso de que env\u00ede informaci\u00f3n de cualquier tipo al Sitio Web (con excepci\u00f3n de aquella informaci\u00f3n de car\u00e1cter publicitaria, cuyo env\u00edo est\u00e1 prohibido), garantizar\u00e1 que ostenta los derechos necesarios para hacerlo. Por ello, responder\u00e1 y mantendr\u00e1 indemne a Antonio G\u00f3mez por el contenido y difusi\u00f3n de dicha informaci\u00f3n, incluyendo a mero t\u00edtulo enunciativo, su exactitud, legalidad, originalidad y titularidad. Asimismo, cede en exclusiva y con un \u00e1mbito mundial a Antonio G\u00f3mez cualquier derecho de propiedad intelectual o industrial que pudiera ostentar sobre la informaci\u00f3n anterior.<\/p>\r\n\r\n\r\n\r\n<h3 class=\"wp-block-heading\"><strong>3. Propiedad Intelectual<\/strong><\/h3>\r\n\r\n\r\n\r\n<p>Tanto en lo que respecta al dise\u00f1o del portal como a todos sus contenidos, rige la legislaci\u00f3n aplicable en materia de propiedad intelectual e industrial, nacional e internacional. Por dicha raz\u00f3n, queda terminantemente prohibida la explotaci\u00f3n total o parcial de cualquiera de los contenidos (texto, logo, im\u00e1genes, dise\u00f1os,\u2026) que aparecen en el portal de Antonio G\u00f3mez, as\u00ed como la copia, reproducci\u00f3n, adaptaci\u00f3n, modificaci\u00f3n, comunicaci\u00f3n p\u00fablica, y\/o cualquier otra acci\u00f3n que comporte el uso de los contenidos del portal si no es con la previa aprobaci\u00f3n de Antonio G\u00f3mez con suficiente poder a tales efectos, que, en todo caso, deber\u00e1 ser expresada por escrito, y conferida por persona de Antonio G\u00f3mez con facultades suficientes.<\/p>\r\n\r\n\r\n\r\n<h3 class=\"wp-block-heading\"><strong>4. Exclusi\u00f3n de garant\u00edas y responsabilidad<\/strong><\/h3>\r\n\r\n\r\n\r\n<p>Antonio G\u00f3mez no se hace responsable, en ning\u00fan caso, de los da\u00f1os y perjuicios de cualquier naturaleza que pudieran ocasionar, a t\u00edtulo enunciativo: errores u omisiones en los contenidos, falta de disponibilidad del portal o la transmisi\u00f3n de virus o programas maliciosos o lesivos en los contenidos, a pesar de haber adoptado todas las medidas tecnol\u00f3gicas necesarias para evitarlo.<\/p>\r\n\r\n\r\n\r\n<h3 class=\"wp-block-heading\"><strong>5. Modificaciones<\/strong><\/h3>\r\n\r\n\r\n\r\n<p> Antonio G\u00f3mez se reserva el derecho a efectuar las modificaciones que estime oportunas, pudiendo modificar, suprimir e incluir, unilateralmente y sin previo aviso, nuevos contenidos y\/o servicios, as\u00ed como la forma en que \u00e9stos aparezcan presentados y localizados. De igual forma, el cliente acepta que Antonio G\u00f3mez se reserva el derecho de modificar y actualizar peri\u00f3dicamente las presentes condiciones de uso, as\u00ed como las espec\u00edficas de cada servicio, as\u00ed como su car\u00e1cter gratuito o remunerado. Salvo que ese establezca lo contrario, la introducci\u00f3n de cualquier caracter\u00edstica que modifique los actuales servicios y\/o la introducci\u00f3n de nuevos servicios quedar\u00e1n sujetos a las presentes condiciones de uso.<\/p>\r\n\r\n\r\n\r\n<h3 class=\"wp-block-heading\"><strong>6. Confidencialidad y Protecci\u00f3n de Datos<\/strong><\/h3>\r\n\r\n\r\n\r\n<p>Cualquier dato de car\u00e1cter personal que el usuario proporcione para la utilizaci\u00f3n de los servicios y\/o contenidos del portal estar\u00e1 sujeto a lo establecido en nuestra pol\u00edtica de protecci\u00f3n de datos.<\/p>\r\n\r\n\r\n\r\n<h3 class=\"wp-block-heading\"><strong>7. Contrataci\u00f3n con anunciantes o con terceros \/ Publicidad en el portal<\/strong><\/h3>\r\n\r\n\r\n\r\n<p>El cliente acepta que cualquier relaci\u00f3n contractual o extracontractual que, en su caso formalice con los anunciantes o terceras personas contactadas a trav\u00e9s del portal, as\u00ed como su participaci\u00f3n en concursos, promociones, compraventa de bienes o servicios, se entienden realizados \u00fanica y exclusivamente entre el cliente y el anunciante. En consecuencia, el cliente acepta que  Antonio G\u00f3mez no tiene ning\u00fan tipo de responsabilidad sobre los da\u00f1os o perjuicios ocasionados con motivo de sus negociaciones, conversaciones y\/o relaciones contractuales o extracontractuales con los anunciantes o terceras personas contactadas a trav\u00e9s del portal.<\/p>\r\n\r\n\r\n\r\n<h3 class=\"wp-block-heading\"><strong>8. Empleo de cookies<\/strong><\/h3>\r\n\r\n\r\n\r\n<p>Antonio G\u00f3mez podr\u00e1 utilizar \u201ccookies\u201d para personalizar y facilitar al m\u00e1ximo la navegaci\u00f3n del usuario por sus sitios web. Las \u201ccookies\u201d se asocian \u00fanicamente a un usuario an\u00f3nimo y su ordenador y no proporcionan referencias que permitan deducir datos personales del usuario. El usuario podr\u00e1 configurar su navegador para que notifique y rechace la instalaci\u00f3n de las cookies enviadas por  Antonio G\u00f3mez, sin que ello perjudique la posibilidad del usuario de acceder a los Contenidos.<\/p>\r\n\r\n\r\n\r\n<h3 class=\"wp-block-heading\"><strong>9. Enlaces<\/strong><\/h3>\r\n\r\n\r\n\r\n<p>En el caso de que en el sitio web se dispusiesen enlaces o hiperv\u00ednculos hac\u00eda otros sitios de Internet,  Antonio G\u00f3mez no ejercer\u00e1 ning\u00fan tipo de control sobre dichos sitios y contenidos. En ning\u00fan caso Antonio G\u00f3mez asumir\u00e1 responsabilidad alguna por los contenidos de alg\u00fan enlace perteneciente a un sitio web ajeno, ni garantizar\u00e1 la disponibilidad t\u00e9cnica, calidad, fiabilidad, exactitud, amplitud, veracidad, validez y constitucionalidad de cualquier material o informaci\u00f3n contenida en ninguno de dichos hiperv\u00ednculos u otros sitios de Internet. Igualmente la inclusi\u00f3n de estas conexiones externas no implicar\u00e1 ning\u00fan tipo de asociaci\u00f3n, fusi\u00f3n o participaci\u00f3n con las entidades conectadas.<\/p>\r\n\r\n\r\n\r\n<h3 class=\"wp-block-heading\"><strong>10. Derecho de exclusi\u00f3n<\/strong><\/h3>\r\n\r\n\r\n\r\n<p>Antonio G\u00f3mez se reserva el derecho a denegar o retirar el acceso a su sitio web y\/o los servicios ofrecidos sin necesidad de preaviso, a instancia propia o de un tercero, a aquellos usuarios que incumplan las presentes Condiciones de Uso.<\/p>\r\n\r\n\r\n\r\n<p>La enumeraci\u00f3n anterior tiene mero car\u00e1cter enunciativo y no es, en ning\u00fan caso, exclusivo ni excluyente en ninguno de sus puntos. En todos los supuestos, Antonio G\u00f3mez excluye cualquier responsabilidad por los da\u00f1os y perjuicios de cualquier naturaleza derivados directa o indirectamente de los mismos y de cualesquiera otros no especificados de an\u00e1logas caracter\u00edsticas.<\/p>\r\n\r\n\r\n\r\n<h3 class=\"wp-block-heading\"><strong>11. Pol\u00edtica de devoluciones<\/strong><\/h3>\r\n\r\n\r\n\r\n<p>El usuario podr\u00e1 cancelar su inscripci\u00f3n a Antonio G\u00f3mez en el plazo m\u00e1ximo que indique cada curso como tiempo de devoluci\u00f3n. Una vez se haya superado este periodo, el usuario no tendr\u00e1 derecho a la devoluci\u00f3n del importe correspondiente a la inscripci\u00f3n. Antonio G\u00f3mez no aplica su garant\u00eda de devoluci\u00f3n para pagos recurrentes, fraccionados y ofertas especiales.<\/p>\r\n\r\n\r\n\r\n<p>En los pagos realizados por el medio Western Union, la devoluci\u00f3n del importe ser\u00e1 del 90% del pago efectuado por el cliente. Esto solo se aplica a los pagos realizados de una vez, no siendo reembolsado el importe en caso de que se haya adquirido el producto por medio de pago fraccionado.<\/p>\r\n\r\n\r\n\r\n<p>En caso de ser una actividad con car\u00e1cter presencial, se devolver\u00e1 la totalidad del importe hasta 15 d\u00edas antes de la realizaci\u00f3n de la misma. Desde los 15 d\u00edas antes hasta 2 d\u00edas antes de la actividad el importe a devolver ser\u00e1 del 50% de la cuota de inscripci\u00f3n en la misma. Desde dos d\u00edas antes de la actividad hasta la fecha de celebraci\u00f3n de la misma, el asistente no tendr\u00e1 derecho a reembolso alguno.<\/p>\r\n\r\n\r\n\r\n<h3 class=\"wp-block-heading\"><strong>12. Jurisdicci\u00f3n y otras consideraciones<\/strong><\/h3>\r\n\r\n\r\n\r\n<p>Si usted accede a nuestra Web desde lugares fuera de los Espa\u00f1a, usted ser\u00e1 responsable del cumplimiento de cualquier ley que le sea aplicable. Las presentes Condiciones de Uso estar\u00e1n regidas, ser\u00e1n interpretadas y aplicadas, de acuerdo con las Leyes andaluzas, espa\u00f1olas y comunitarias que le sean aplicables, y respecto de a los contratos suscritos y ejecutados en su totalidad dentro de esa jurisdicci\u00f3n.<\/p>\r\n\r\n\r\n\r\n<p>En caso de que usted haya violado, o haya amenazado con violar, los derechos de propiedad intelectual de Antonio G\u00f3mez o los de sus empresas afiliadas, Antonio G\u00f3mez y\/o sus empresas afiliadas podr\u00e1n emprender acciones legales contra usted en cualquier tribunal competente,&nbsp;con sometimiento expreso por su parte a dicha jurisdicci\u00f3n y tribunales.<\/p>\r\n\r\n\r\n\r\n<p>Cualquier otro conflicto ser\u00e1 resuelto de la siguiente forma:<\/p>\r\n\r\n\r\n\r\n<p>Si la disputa se origina por los t\u00e9rminos del presente contrato, ambas partes tratar\u00e1n de resolverlo a trav\u00e9s de un mediador, pactado por ambas partes, en la ciudad de Murcia (Espa\u00f1a). Cualquier gasto u honorario asociado con la mediaci\u00f3n, excepto los honorarios de un abogado, ser\u00e1n devengados, a partes iguales, entre ambas partes.<\/p>\r\n\r\n\r\n\r\n<p>Si para cualquier cuesti\u00f3n que pueda surgir en relaci\u00f3n a los servicios y contenidos de la web de Antonio G\u00f3mez (www.antoniogomezdiaz.com), as\u00ed como en relaci\u00f3n a la interpretaci\u00f3n y\/o ejecuci\u00f3n de las presentes condiciones, se considera que a trav\u00e9s de la mediaci\u00f3n es imposible llegar a una soluci\u00f3n satisfactoria para ambas partes, la mercantil Antonio G\u00f3mez y el usuario se someten a los Juzgados y Tribunales de Murcia ciudad, con renuncia expresa a cualquier otro fuero que les pudiera corresponder.<\/p>\r\n\r\n\r\n\r\n<p>Antonio G\u00f3mez se reserva el derecho de modificar sin previo aviso estas Condiciones de Uso, as\u00ed como el contrato que estas suponen, mediante la sola actualizaci\u00f3n de este texto. Este es el contrato, en su TOTALIDAD, en cuanto a los temas en \u00e9l tratados.<\/p>\r\n","protected":false},"excerpt":{"rendered":"<p>Spanish version Las presentes Condiciones Generales de Uso regulan el uso del sitio web www.antoniogomezdiaz.com (en adelante, el Sitio Web) que Antonio Jos\u00e9 G\u00f3mez D\u00edaz (en adelante, Antonio G\u00f3mez), pone a disposici\u00f3n de las personas que accedan a su Sitio Web con el fin de proporcionales informaci\u00f3n sobre productos y servicios, propios y\/o de terceros [&hellip;]<\/p>\n","protected":false},"author":1,"featured_media":0,"parent":0,"menu_order":0,"comment_status":"closed","ping_status":"closed","template":"","meta":{"footnotes":""},"class_list":["post-1018","page","type-page","status-publish","hentry"],"_links":{"self":[{"href":"https:\/\/antoniogomezdiaz.com\/en\/wp-json\/wp\/v2\/pages\/1018","targetHints":{"allow":["GET"]}}],"collection":[{"href":"https:\/\/antoniogomezdiaz.com\/en\/wp-json\/wp\/v2\/pages"}],"about":[{"href":"https:\/\/antoniogomezdiaz.com\/en\/wp-json\/wp\/v2\/types\/page"}],"author":[{"embeddable":true,"href":"https:\/\/antoniogomezdiaz.com\/en\/wp-json\/wp\/v2\/users\/1"}],"replies":[{"embeddable":true,"href":"https:\/\/antoniogomezdiaz.com\/en\/wp-json\/wp\/v2\/comments?post=1018"}],"version-history":[{"count":0,"href":"https:\/\/antoniogomezdiaz.com\/en\/wp-json\/wp\/v2\/pages\/1018\/revisions"}],"wp:attachment":[{"href":"https:\/\/antoniogomezdiaz.com\/en\/wp-json\/wp\/v2\/media?parent=1018"}],"curies":[{"name":"wp","href":"https:\/\/api.w.org\/{rel}","templated":true}]}}